{"id":3528,"date":"2016-02-22T18:51:28","date_gmt":"2016-02-23T00:51:28","guid":{"rendered":"http:\/\/www.anizeen.com\/es\/?page_id=3528"},"modified":"2019-12-06T12:49:56","modified_gmt":"2019-12-06T18:49:56","slug":"j-box-es","status":"publish","type":"page","link":"https:\/\/anizeen.com\/es\/j-box-es\/","title":{"rendered":"J-Box"},"content":{"rendered":"<p>[nectar_blog layout=&#8221;std-blog-sidebar&#8221; category=&#8221;box-japon&#8221; enable_pagination=&#8221;true&#8221; pagination_type=&#8221;default&#8221; load_in_animation=&#8221;none&#8221; posts_per_page=&#8221;3&#8243;]<\/p>\n","protected":false},"excerpt":{"rendered":"<p>[nectar_blog layout=&#8221;std-blog-sidebar&#8221; category=&#8221;box-japon&#8221; enable_pagination=&#8221;true&#8221; pagination_type=&#8221;default&#8221; load_in_animation=&#8221;none&#8221; posts_per_page=&#8221;3&#8243;]<\/p>\n","protected":false},"author":2,"featured_media":0,"parent":0,"menu_order":0,"comment_status":"open","ping_status":"open","template":"","meta":{"jetpack_post_was_ever_published":false,"footnotes":""},"class_list":["post-3528","page","type-page","status-publish"],"yoast_head":"<!-- This site is optimized with the Yoast SEO plugin v27.3 - https:\/\/yoast.com\/product\/yoast-seo-wordpress\/ -->\n<title>J-Box ~ anizeen<\/title>\n<meta name=\"description\" content=\"Noticias frescas desde el Jap\u00f3n. Aprendamos m\u00e1s sobre la cultura y esas rarezas que hacen brillar nuestra imaginaci\u00f3n.\" \/>\n<meta name=\"robots\" content=\"index, follow, max-snippet:-1, max-image-preview:large, max-video-preview:-1\" \/>\n<link rel=\"canonical\" href=\"https:\/\/anizeen.com\/es\/j-box-es\/\" \/>\n<meta property=\"og:locale\" content=\"es_MX\" \/>\n<meta property=\"og:type\" content=\"article\" \/>\n<meta property=\"og:title\" content=\"J-Box ~ anizeen\" \/>\n<meta property=\"og:description\" content=\"Noticias frescas desde el Jap\u00f3n. Aprendamos m\u00e1s sobre la cultura y esas rarezas que hacen brillar nuestra imaginaci\u00f3n.\" \/>\n<meta property=\"og:url\" content=\"https:\/\/anizeen.com\/es\/j-box-es\/\" \/>\n<meta property=\"og:site_name\" content=\"anizeen\" \/>\n<meta property=\"article:publisher\" content=\"https:\/\/www.facebook.com\/anizeen\" \/>\n<meta property=\"article:modified_time\" content=\"2019-12-06T18:49:56+00:00\" \/>\n<meta property=\"og:image\" content=\"https:\/\/anizeen.com\/content\/wp-content\/uploads\/2021\/12\/250-badge.png\" \/>\n\t<meta property=\"og:image:width\" content=\"400\" \/>\n\t<meta property=\"og:image:height\" content=\"400\" \/>\n\t<meta property=\"og:image:type\" content=\"image\/png\" \/>\n<meta name=\"twitter:card\" content=\"summary_large_image\" \/>\n<meta name=\"twitter:site\" content=\"@anizeen\" \/>\n<script type=\"application\/ld+json\" class=\"yoast-schema-graph\">{\"@context\":\"https:\\\/\\\/schema.org\",\"@graph\":[{\"@type\":\"WebPage\",\"@id\":\"https:\\\/\\\/anizeen.com\\\/es\\\/j-box-es\\\/\",\"url\":\"https:\\\/\\\/anizeen.com\\\/es\\\/j-box-es\\\/\",\"name\":\"J-Box ~ anizeen\",\"isPartOf\":{\"@id\":\"https:\\\/\\\/anizeen.com\\\/#website\"},\"datePublished\":\"2016-02-23T00:51:28+00:00\",\"dateModified\":\"2019-12-06T18:49:56+00:00\",\"description\":\"Noticias frescas desde el Jap\u00f3n. Aprendamos m\u00e1s sobre la cultura y esas rarezas que hacen brillar nuestra imaginaci\u00f3n.\",\"breadcrumb\":{\"@id\":\"https:\\\/\\\/anizeen.com\\\/es\\\/j-box-es\\\/#breadcrumb\"},\"inLanguage\":\"es\",\"potentialAction\":[{\"@type\":\"ReadAction\",\"target\":[\"https:\\\/\\\/anizeen.com\\\/es\\\/j-box-es\\\/\"]}]},{\"@type\":\"BreadcrumbList\",\"@id\":\"https:\\\/\\\/anizeen.com\\\/es\\\/j-box-es\\\/#breadcrumb\",\"itemListElement\":[{\"@type\":\"ListItem\",\"position\":1,\"name\":\"Home\",\"item\":\"https:\\\/\\\/anizeen.com\\\/es\\\/\"},{\"@type\":\"ListItem\",\"position\":2,\"name\":\"J-Box\"}]},{\"@type\":\"WebSite\",\"@id\":\"https:\\\/\\\/anizeen.com\\\/#website\",\"url\":\"https:\\\/\\\/anizeen.com\\\/\",\"name\":\"anizeen - anime to change the world\",\"description\":\"anime to change your world!\",\"publisher\":{\"@id\":\"https:\\\/\\\/anizeen.com\\\/#organization\"},\"potentialAction\":[{\"@type\":\"SearchAction\",\"target\":{\"@type\":\"EntryPoint\",\"urlTemplate\":\"https:\\\/\\\/anizeen.com\\\/?s={search_term_string}\"},\"query-input\":{\"@type\":\"PropertyValueSpecification\",\"valueRequired\":true,\"valueName\":\"search_term_string\"}}],\"inLanguage\":\"es\"},{\"@type\":\"Organization\",\"@id\":\"https:\\\/\\\/anizeen.com\\\/#organization\",\"name\":\"anizeen\",\"url\":\"https:\\\/\\\/anizeen.com\\\/\",\"logo\":{\"@type\":\"ImageObject\",\"inLanguage\":\"es\",\"@id\":\"https:\\\/\\\/anizeen.com\\\/#\\\/schema\\\/logo\\\/image\\\/\",\"url\":\"https:\\\/\\\/anizeen.com\\\/content\\\/wp-content\\\/uploads\\\/2022\\\/11\\\/logo_84_d.png\",\"contentUrl\":\"https:\\\/\\\/anizeen.com\\\/content\\\/wp-content\\\/uploads\\\/2022\\\/11\\\/logo_84_d.png\",\"width\":420,\"height\":84,\"caption\":\"anizeen\"},\"image\":{\"@id\":\"https:\\\/\\\/anizeen.com\\\/#\\\/schema\\\/logo\\\/image\\\/\"},\"sameAs\":[\"https:\\\/\\\/www.facebook.com\\\/anizeen\",\"https:\\\/\\\/x.com\\\/anizeen\",\"https:\\\/\\\/www.instagram.com\\\/anizeen_com\",\"http:\\\/\\\/www.pinterest.com\\\/anizeen\\\/\",\"https:\\\/\\\/www.tiktok.com\\\/@anizeen_com\"]}]}<\/script>\n<!-- \/ Yoast SEO plugin. -->","yoast_head_json":{"title":"J-Box ~ anizeen","description":"Noticias frescas desde el Jap\u00f3n. Aprendamos m\u00e1s sobre la cultura y esas rarezas que hacen brillar nuestra imaginaci\u00f3n.","robots":{"index":"index","follow":"follow","max-snippet":"max-snippet:-1","max-image-preview":"max-image-preview:large","max-video-preview":"max-video-preview:-1"},"canonical":"https:\/\/anizeen.com\/es\/j-box-es\/","og_locale":"es_MX","og_type":"article","og_title":"J-Box ~ anizeen","og_description":"Noticias frescas desde el Jap\u00f3n. Aprendamos m\u00e1s sobre la cultura y esas rarezas que hacen brillar nuestra imaginaci\u00f3n.","og_url":"https:\/\/anizeen.com\/es\/j-box-es\/","og_site_name":"anizeen","article_publisher":"https:\/\/www.facebook.com\/anizeen","article_modified_time":"2019-12-06T18:49:56+00:00","og_image":[{"width":400,"height":400,"url":"https:\/\/anizeen.com\/content\/wp-content\/uploads\/2021\/12\/250-badge.png","type":"image\/png"}],"twitter_card":"summary_large_image","twitter_site":"@anizeen","schema":{"@context":"https:\/\/schema.org","@graph":[{"@type":"WebPage","@id":"https:\/\/anizeen.com\/es\/j-box-es\/","url":"https:\/\/anizeen.com\/es\/j-box-es\/","name":"J-Box ~ anizeen","isPartOf":{"@id":"https:\/\/anizeen.com\/#website"},"datePublished":"2016-02-23T00:51:28+00:00","dateModified":"2019-12-06T18:49:56+00:00","description":"Noticias frescas desde el Jap\u00f3n. Aprendamos m\u00e1s sobre la cultura y esas rarezas que hacen brillar nuestra imaginaci\u00f3n.","breadcrumb":{"@id":"https:\/\/anizeen.com\/es\/j-box-es\/#breadcrumb"},"inLanguage":"es","potentialAction":[{"@type":"ReadAction","target":["https:\/\/anizeen.com\/es\/j-box-es\/"]}]},{"@type":"BreadcrumbList","@id":"https:\/\/anizeen.com\/es\/j-box-es\/#breadcrumb","itemListElement":[{"@type":"ListItem","position":1,"name":"Home","item":"https:\/\/anizeen.com\/es\/"},{"@type":"ListItem","position":2,"name":"J-Box"}]},{"@type":"WebSite","@id":"https:\/\/anizeen.com\/#website","url":"https:\/\/anizeen.com\/","name":"anizeen - anime to change the world","description":"anime to change your world!","publisher":{"@id":"https:\/\/anizeen.com\/#organization"},"potentialAction":[{"@type":"SearchAction","target":{"@type":"EntryPoint","urlTemplate":"https:\/\/anizeen.com\/?s={search_term_string}"},"query-input":{"@type":"PropertyValueSpecification","valueRequired":true,"valueName":"search_term_string"}}],"inLanguage":"es"},{"@type":"Organization","@id":"https:\/\/anizeen.com\/#organization","name":"anizeen","url":"https:\/\/anizeen.com\/","logo":{"@type":"ImageObject","inLanguage":"es","@id":"https:\/\/anizeen.com\/#\/schema\/logo\/image\/","url":"https:\/\/anizeen.com\/content\/wp-content\/uploads\/2022\/11\/logo_84_d.png","contentUrl":"https:\/\/anizeen.com\/content\/wp-content\/uploads\/2022\/11\/logo_84_d.png","width":420,"height":84,"caption":"anizeen"},"image":{"@id":"https:\/\/anizeen.com\/#\/schema\/logo\/image\/"},"sameAs":["https:\/\/www.facebook.com\/anizeen","https:\/\/x.com\/anizeen","https:\/\/www.instagram.com\/anizeen_com","http:\/\/www.pinterest.com\/anizeen\/","https:\/\/www.tiktok.com\/@anizeen_com"]}]}},"jetpack_sharing_enabled":true,"_links":{"self":[{"href":"https:\/\/anizeen.com\/es\/wp-json\/wp\/v2\/pages\/3528","targetHints":{"allow":["GET"]}}],"collection":[{"href":"https:\/\/anizeen.com\/es\/wp-json\/wp\/v2\/pages"}],"about":[{"href":"https:\/\/anizeen.com\/es\/wp-json\/wp\/v2\/types\/page"}],"author":[{"embeddable":true,"href":"https:\/\/anizeen.com\/es\/wp-json\/wp\/v2\/users\/2"}],"replies":[{"embeddable":true,"href":"https:\/\/anizeen.com\/es\/wp-json\/wp\/v2\/comments?post=3528"}],"version-history":[{"count":0,"href":"https:\/\/anizeen.com\/es\/wp-json\/wp\/v2\/pages\/3528\/revisions"}],"wp:attachment":[{"href":"https:\/\/anizeen.com\/es\/wp-json\/wp\/v2\/media?parent=3528"}],"curies":[{"name":"wp","href":"https:\/\/api.w.org\/{rel}","templated":true}]}}